{"id":2,"date":"2025-06-04T00:51:38","date_gmt":"2025-06-04T00:51:38","guid":{"rendered":"https:\/\/marpelembalagens.com.br\/?page_id=2"},"modified":"2025-06-06T12:39:43","modified_gmt":"2025-06-06T12:39:43","slug":"sample-page","status":"publish","type":"page","link":"https:\/\/marpelembalagens.com.br\/","title":{"rendered":"Marpel Embalagens Mar\u00edlia"},"content":{"rendered":"\t\t<div data-elementor-type=\"wp-page\" data-elementor-id=\"2\" class=\"elementor elementor-2\" data-elementor-post-type=\"page\">\n\t\t\t\t<div class=\"elementor-element elementor-element-c9bf238 e-con-full e-flex e-con e-parent\" data-id=\"c9bf238\" data-element_type=\"container\" data-settings=\"{&quot;background_background&quot;:&quot;classic&quot;}\">\n\t\t<div class=\"elementor-element elementor-element-73a0ac9 e-flex e-con-boxed e-con e-child\" data-id=\"73a0ac9\" data-element_type=\"container\">\n\t\t\t\t\t<div class=\"e-con-inner\">\n\t\t<div class=\"elementor-element elementor-element-50eee10 e-con-full e-flex e-con e-child\" data-id=\"50eee10\" data-element_type=\"container\" data-settings=\"{&quot;background_background&quot;:&quot;classic&quot;}\">\n\t\t\t\t<div class=\"elementor-element elementor-element-1d96da3 elementor-widget elementor-widget-text-editor\" data-id=\"1d96da3\" data-element_type=\"widget\" data-widget_type=\"text-editor.default\">\n\t\t\t\t<div class=\"elementor-widget-container\">\n\t\t\t\t\t\t\t\t\t<div id=\"comp-mbgeulpq\" class=\"HcOXKn c9GqVL QxJLC3 lq2cno YQcXTT comp-mbgeulpq wixui-rich-text\" data-testid=\"richTextElement\"><h1 class=\"font_0 wixui-rich-text__text\"><span class=\"wixui-rich-text__text\">Seja Bem-vindo(a)!<\/span><\/h1><\/div><div id=\"comp-mbgeulpr2\" class=\"HcOXKn c9GqVL QxJLC3 lq2cno YQcXTT comp-mbgeulpr2 wixui-rich-text\" data-testid=\"richTextElement\"><p class=\"font_8 wixui-rich-text__text\"><span class=\"wixui-rich-text__text\">\u00c9 um prazer ter voc\u00ea aqui \u2014 estamos prontos para oferecer o melhor atendimento e solu\u00e7\u00f5es pensadas especialmente para voc\u00ea.<\/span><\/p><\/div>\t\t\t\t\t\t\t\t<\/div>\n\t\t\t\t<\/div>\n\t\t\t\t<\/div>\n\t\t\t\t\t<\/div>\n\t\t\t\t<\/div>\n\t\t\t\t<\/div>\n\t\t<div class=\"elementor-element elementor-element-f66398a e-con-full e-flex e-con e-parent\" data-id=\"f66398a\" data-element_type=\"container\" data-settings=\"{&quot;background_background&quot;:&quot;classic&quot;}\">\n\t\t<div class=\"elementor-element elementor-element-668adde e-flex e-con-boxed e-con e-child\" data-id=\"668adde\" data-element_type=\"container\">\n\t\t\t\t\t<div class=\"e-con-inner\">\n\t\t\t\t<div class=\"elementor-element elementor-element-00fb018 elementor-widget elementor-widget-text-editor\" data-id=\"00fb018\" data-element_type=\"widget\" data-widget_type=\"text-editor.default\">\n\t\t\t\t<div class=\"elementor-widget-container\">\n\t\t\t\t\t\t\t\t\t<h1><strong>SOBRE N\u00d3S<\/strong><\/h1><p>H\u00e1 26 anos no mercado com a miss\u00e3o de priorizar voc\u00ea parceiro oferecendo facilidade e praticidade com uma variedade de 1.600 itens de embalagens descart\u00e1veis e produtos de limpeza e higiene profissional.\u00a0<\/p>\t\t\t\t\t\t\t\t<\/div>\n\t\t\t\t<\/div>\n\t\t\t\t\t<\/div>\n\t\t\t\t<\/div>\n\t\t<div class=\"elementor-element elementor-element-5064119 e-con-full e-flex e-con e-child\" data-id=\"5064119\" data-element_type=\"container\">\n\t\t\t\t<div class=\"elementor-element elementor-element-36dafd4 elementor-widget elementor-widget-image\" data-id=\"36dafd4\" data-element_type=\"widget\" data-widget_type=\"image.default\">\n\t\t\t\t<div class=\"elementor-widget-container\">\n\t\t\t\t\t\t\t\t\t\t\t\t\t\t\t<img decoding=\"async\" src=\"https:\/\/marpelembalagens.com.br\/wp-content\/uploads\/2025\/06\/marpel_frente.jpg\" title=\"marpel_frente\" alt=\"marpel_frente\" loading=\"lazy\" \/>\t\t\t\t\t\t\t\t\t\t\t\t\t\t\t<\/div>\n\t\t\t\t<\/div>\n\t\t\t\t<\/div>\n\t\t\t\t<\/div>\n\t\t<div class=\"elementor-element elementor-element-62c75ea e-con-full e-flex e-con e-parent\" data-id=\"62c75ea\" data-element_type=\"container\" data-settings=\"{&quot;background_background&quot;:&quot;classic&quot;}\">\n\t\t<div class=\"elementor-element elementor-element-cf1eb53 e-flex e-con-boxed e-con e-child\" data-id=\"cf1eb53\" data-element_type=\"container\">\n\t\t\t\t\t<div class=\"e-con-inner\">\n\t\t\t\t<div class=\"elementor-element elementor-element-0f5d66e elementor-widget elementor-widget-heading\" data-id=\"0f5d66e\" data-element_type=\"widget\" data-widget_type=\"heading.default\">\n\t\t\t\t<div class=\"elementor-widget-container\">\n\t\t\t\t\t<h2 class=\"elementor-heading-title elementor-size-default\">PRODUTOS EM DESTAQUE<\/h2>\t\t\t\t<\/div>\n\t\t\t\t<\/div>\n\t\t\t\t<div class=\"elementor-element elementor-element-c760baa elementor-widget elementor-widget-text-editor\" data-id=\"c760baa\" data-element_type=\"widget\" data-widget_type=\"text-editor.default\">\n\t\t\t\t<div class=\"elementor-widget-container\">\n\t\t\t\t\t\t\t\t\t<p>Confira aqui as melhores op\u00e7\u00f5es de embalagens e produtos de limpeza e higiene profissional!<\/p>\t\t\t\t\t\t\t\t<\/div>\n\t\t\t\t<\/div>\n\t\t<div class=\"elementor-element elementor-element-4629499 e-con-full e-flex e-con e-child\" data-id=\"4629499\" data-element_type=\"container\">\n\t\t\t\t<div class=\"elementor-element elementor-element-72e3b17 elementor-product-loop-item--align-center elementor-grid-4 elementor-grid-tablet-3 elementor-grid-mobile-2 elementor-products-grid elementor-wc-products elementor-widget elementor-widget-woocommerce-products\" data-id=\"72e3b17\" data-element_type=\"widget\" data-widget_type=\"woocommerce-products.default\">\n\t\t\t\t<div class=\"elementor-widget-container\">\n\t\t\t\t\t<div class=\"woocommerce columns-4 \"><ul class=\"products elementor-grid columns-4\">\n<li class=\"product type-product post-146 status-publish first instock product_cat-sem-categoria has-post-thumbnail shipping-taxable product-type-simple\">\n\t<a href=\"https:\/\/marpelembalagens.com.br\/index.php\/produto\/pote-retangular-prafesta\/\" class=\"woocommerce-LoopProduct-link woocommerce-loop-product__link\"><img fetchpriority=\"high\" decoding=\"async\" width=\"300\" height=\"300\" src=\"https:\/\/marpelembalagens.com.br\/wp-content\/uploads\/2025\/06\/Pote-prafesta-300x300.webp\" class=\"attachment-woocommerce_thumbnail size-woocommerce_thumbnail\" alt=\"Pote retangular Prafesta\" srcset=\"https:\/\/marpelembalagens.com.br\/wp-content\/uploads\/2025\/06\/Pote-prafesta-300x300.webp 300w, https:\/\/marpelembalagens.com.br\/wp-content\/uploads\/2025\/06\/Pote-prafesta-100x100.webp 100w, https:\/\/marpelembalagens.com.br\/wp-content\/uploads\/2025\/06\/Pote-prafesta-150x150.webp 150w\" sizes=\"(max-width: 300px) 100vw, 300px\" \/><h2 class=\"woocommerce-loop-product__title\">Pote retangular Prafesta<\/h2>\n<\/a><\/li>\n<li class=\"product type-product post-144 status-publish instock product_cat-sem-categoria has-post-thumbnail shipping-taxable product-type-simple\">\n\t<a href=\"https:\/\/marpelembalagens.com.br\/index.php\/produto\/mamita-hf-100-3-divisorias\/\" class=\"woocommerce-LoopProduct-link woocommerce-loop-product__link\"><img decoding=\"async\" width=\"300\" height=\"300\" src=\"https:\/\/marpelembalagens.com.br\/wp-content\/uploads\/2025\/06\/mamita-3-divisorias-300x300.png\" class=\"attachment-woocommerce_thumbnail size-woocommerce_thumbnail\" alt=\"Mamita HF-100\/3 divis\u00f3rias\" srcset=\"https:\/\/marpelembalagens.com.br\/wp-content\/uploads\/2025\/06\/mamita-3-divisorias-300x300.png 300w, https:\/\/marpelembalagens.com.br\/wp-content\/uploads\/2025\/06\/mamita-3-divisorias-100x100.png 100w, https:\/\/marpelembalagens.com.br\/wp-content\/uploads\/2025\/06\/mamita-3-divisorias-150x150.png 150w, https:\/\/marpelembalagens.com.br\/wp-content\/uploads\/2025\/06\/mamita-3-divisorias.png 480w\" sizes=\"(max-width: 300px) 100vw, 300px\" \/><h2 class=\"woocommerce-loop-product__title\">Mamita HF-100\/3 divis\u00f3rias<\/h2>\n<\/a><\/li>\n<li class=\"product type-product post-143 status-publish instock product_cat-sem-categoria has-post-thumbnail shipping-taxable product-type-simple\">\n\t<a href=\"https:\/\/marpelembalagens.com.br\/index.php\/produto\/bobina-pdv-80mmx40m-44g-bca-autopel\/\" class=\"woocommerce-LoopProduct-link woocommerce-loop-product__link\"><img decoding=\"async\" width=\"300\" height=\"300\" src=\"https:\/\/marpelembalagens.com.br\/wp-content\/uploads\/2025\/06\/bobina-pdv-foto-300x300.jpg\" class=\"attachment-woocommerce_thumbnail size-woocommerce_thumbnail\" alt=\"BOBINA PDV 80MMX40M 44G BCA AUTOPEL\" srcset=\"https:\/\/marpelembalagens.com.br\/wp-content\/uploads\/2025\/06\/bobina-pdv-foto-300x300.jpg 300w, https:\/\/marpelembalagens.com.br\/wp-content\/uploads\/2025\/06\/bobina-pdv-foto-100x100.jpg 100w, https:\/\/marpelembalagens.com.br\/wp-content\/uploads\/2025\/06\/bobina-pdv-foto-150x150.jpg 150w, https:\/\/marpelembalagens.com.br\/wp-content\/uploads\/2025\/06\/bobina-pdv-foto.jpg 510w\" sizes=\"(max-width: 300px) 100vw, 300px\" \/><h2 class=\"woocommerce-loop-product__title\">BOBINA PDV 80MMX40M 44G BCA AUTOPEL<\/h2>\n<\/a><\/li>\n<li class=\"product type-product post-142 status-publish last instock product_cat-sem-categoria has-post-thumbnail shipping-taxable product-type-simple\">\n\t<a href=\"https:\/\/marpelembalagens.com.br\/index.php\/produto\/bandeja-laminada\/\" class=\"woocommerce-LoopProduct-link woocommerce-loop-product__link\"><img loading=\"lazy\" decoding=\"async\" width=\"300\" height=\"300\" src=\"https:\/\/marpelembalagens.com.br\/wp-content\/uploads\/2025\/06\/bandeijas-laminadas-300x300.webp\" class=\"attachment-woocommerce_thumbnail size-woocommerce_thumbnail\" alt=\"Bandeja Laminada\" srcset=\"https:\/\/marpelembalagens.com.br\/wp-content\/uploads\/2025\/06\/bandeijas-laminadas-300x300.webp 300w, https:\/\/marpelembalagens.com.br\/wp-content\/uploads\/2025\/06\/bandeijas-laminadas-100x100.webp 100w, https:\/\/marpelembalagens.com.br\/wp-content\/uploads\/2025\/06\/bandeijas-laminadas-150x150.webp 150w, https:\/\/marpelembalagens.com.br\/wp-content\/uploads\/2025\/06\/bandeijas-laminadas.webp 600w\" sizes=\"(max-width: 300px) 100vw, 300px\" \/><h2 class=\"woocommerce-loop-product__title\">Bandeja Laminada<\/h2>\n<\/a><\/li>\n<li class=\"product type-product post-141 status-publish first instock product_cat-sem-categoria has-post-thumbnail shipping-taxable product-type-simple\">\n\t<a href=\"https:\/\/marpelembalagens.com.br\/index.php\/produto\/alcool-46-e-92-1l-novo-alcool\/\" class=\"woocommerce-LoopProduct-link woocommerce-loop-product__link\"><img loading=\"lazy\" decoding=\"async\" width=\"300\" height=\"300\" src=\"https:\/\/marpelembalagens.com.br\/wp-content\/uploads\/2025\/06\/Novo-alcool--300x300.png\" class=\"attachment-woocommerce_thumbnail size-woocommerce_thumbnail\" alt=\"\u00c1lcool 46\u00b0 e 92\u00b0 - 1L Novo Alcool\" srcset=\"https:\/\/marpelembalagens.com.br\/wp-content\/uploads\/2025\/06\/Novo-alcool--300x300.png 300w, https:\/\/marpelembalagens.com.br\/wp-content\/uploads\/2025\/06\/Novo-alcool--100x100.png 100w, https:\/\/marpelembalagens.com.br\/wp-content\/uploads\/2025\/06\/Novo-alcool--600x602.png 600w, https:\/\/marpelembalagens.com.br\/wp-content\/uploads\/2025\/06\/Novo-alcool--1021x1024.png 1021w, https:\/\/marpelembalagens.com.br\/wp-content\/uploads\/2025\/06\/Novo-alcool--150x150.png 150w, https:\/\/marpelembalagens.com.br\/wp-content\/uploads\/2025\/06\/Novo-alcool--768x770.png 768w, https:\/\/marpelembalagens.com.br\/wp-content\/uploads\/2025\/06\/Novo-alcool--1532x1536.png 1532w, https:\/\/marpelembalagens.com.br\/wp-content\/uploads\/2025\/06\/Novo-alcool-.png 1745w\" sizes=\"(max-width: 300px) 100vw, 300px\" \/><h2 class=\"woocommerce-loop-product__title\">\u00c1lcool 46\u00b0 e 92\u00b0 &#8211; 1L Novo Alcool<\/h2>\n<\/a><\/li>\n<li class=\"product type-product post-140 status-publish instock product_cat-sem-categoria has-post-thumbnail shipping-taxable product-type-simple\">\n\t<a href=\"https:\/\/marpelembalagens.com.br\/index.php\/produto\/agua-sanitaria-desomax-5l\/\" class=\"woocommerce-LoopProduct-link woocommerce-loop-product__link\"><img loading=\"lazy\" decoding=\"async\" width=\"300\" height=\"300\" src=\"https:\/\/marpelembalagens.com.br\/wp-content\/uploads\/2025\/06\/agua-sanitaria-desomax-300x300.webp\" class=\"attachment-woocommerce_thumbnail size-woocommerce_thumbnail\" alt=\"\u00c1gua Sanitaria Desomax 5L\" srcset=\"https:\/\/marpelembalagens.com.br\/wp-content\/uploads\/2025\/06\/agua-sanitaria-desomax-300x300.webp 300w, https:\/\/marpelembalagens.com.br\/wp-content\/uploads\/2025\/06\/agua-sanitaria-desomax-100x100.webp 100w, https:\/\/marpelembalagens.com.br\/wp-content\/uploads\/2025\/06\/agua-sanitaria-desomax-600x600.webp 600w, https:\/\/marpelembalagens.com.br\/wp-content\/uploads\/2025\/06\/agua-sanitaria-desomax-1024x1024.webp 1024w, https:\/\/marpelembalagens.com.br\/wp-content\/uploads\/2025\/06\/agua-sanitaria-desomax-150x150.webp 150w, https:\/\/marpelembalagens.com.br\/wp-content\/uploads\/2025\/06\/agua-sanitaria-desomax-768x768.webp 768w, https:\/\/marpelembalagens.com.br\/wp-content\/uploads\/2025\/06\/agua-sanitaria-desomax.webp 1200w\" sizes=\"(max-width: 300px) 100vw, 300px\" \/><h2 class=\"woocommerce-loop-product__title\">\u00c1gua Sanitaria Desomax 5L<\/h2>\n<\/a><\/li>\n<li class=\"product type-product post-139 status-publish instock product_cat-sem-categoria has-post-thumbnail shipping-taxable product-type-simple\">\n\t<a href=\"https:\/\/marpelembalagens.com.br\/index.php\/produto\/saco-de-lixo-branco\/\" class=\"woocommerce-LoopProduct-link woocommerce-loop-product__link\"><img loading=\"lazy\" decoding=\"async\" width=\"300\" height=\"300\" src=\"https:\/\/marpelembalagens.com.br\/wp-content\/uploads\/2025\/06\/saco-de-lixo-branco-300x300.webp\" class=\"attachment-woocommerce_thumbnail size-woocommerce_thumbnail\" alt=\"Saco de lixo branco\" srcset=\"https:\/\/marpelembalagens.com.br\/wp-content\/uploads\/2025\/06\/saco-de-lixo-branco-300x300.webp 300w, https:\/\/marpelembalagens.com.br\/wp-content\/uploads\/2025\/06\/saco-de-lixo-branco-100x100.webp 100w, https:\/\/marpelembalagens.com.br\/wp-content\/uploads\/2025\/06\/saco-de-lixo-branco-150x150.webp 150w\" sizes=\"(max-width: 300px) 100vw, 300px\" \/><h2 class=\"woocommerce-loop-product__title\">Saco de lixo branco<\/h2>\n<\/a><\/li>\n<li class=\"product type-product post-138 status-publish last instock product_cat-sem-categoria has-post-thumbnail shipping-taxable product-type-simple\">\n\t<a href=\"https:\/\/marpelembalagens.com.br\/index.php\/produto\/saco-de-lixo-preto\/\" class=\"woocommerce-LoopProduct-link woocommerce-loop-product__link\"><img loading=\"lazy\" decoding=\"async\" width=\"300\" height=\"300\" src=\"https:\/\/marpelembalagens.com.br\/wp-content\/uploads\/2025\/06\/foto-saco-de-lixo-300x300.png\" class=\"attachment-woocommerce_thumbnail size-woocommerce_thumbnail\" alt=\"Saco de lixo preto\" srcset=\"https:\/\/marpelembalagens.com.br\/wp-content\/uploads\/2025\/06\/foto-saco-de-lixo-300x300.png 300w, https:\/\/marpelembalagens.com.br\/wp-content\/uploads\/2025\/06\/foto-saco-de-lixo-100x100.png 100w, https:\/\/marpelembalagens.com.br\/wp-content\/uploads\/2025\/06\/foto-saco-de-lixo-600x600.png 600w, https:\/\/marpelembalagens.com.br\/wp-content\/uploads\/2025\/06\/foto-saco-de-lixo-150x150.png 150w, https:\/\/marpelembalagens.com.br\/wp-content\/uploads\/2025\/06\/foto-saco-de-lixo-768x768.png 768w, https:\/\/marpelembalagens.com.br\/wp-content\/uploads\/2025\/06\/foto-saco-de-lixo.png 800w\" sizes=\"(max-width: 300px) 100vw, 300px\" \/><h2 class=\"woocommerce-loop-product__title\">Saco de lixo preto<\/h2>\n<\/a><\/li>\n<li class=\"product type-product post-137 status-publish first instock product_cat-sem-categoria has-post-thumbnail shipping-taxable product-type-simple\">\n\t<a href=\"https:\/\/marpelembalagens.com.br\/index.php\/produto\/marmita-p-m-e-g\/\" class=\"woocommerce-LoopProduct-link woocommerce-loop-product__link\"><img loading=\"lazy\" decoding=\"async\" width=\"300\" height=\"300\" src=\"https:\/\/marpelembalagens.com.br\/wp-content\/uploads\/2025\/06\/foto-marmita-300x300.webp\" class=\"attachment-woocommerce_thumbnail size-woocommerce_thumbnail\" alt=\"Marmita P, M e G\" srcset=\"https:\/\/marpelembalagens.com.br\/wp-content\/uploads\/2025\/06\/foto-marmita-300x300.webp 300w, https:\/\/marpelembalagens.com.br\/wp-content\/uploads\/2025\/06\/foto-marmita-100x100.webp 100w, https:\/\/marpelembalagens.com.br\/wp-content\/uploads\/2025\/06\/foto-marmita-600x600.webp 600w, https:\/\/marpelembalagens.com.br\/wp-content\/uploads\/2025\/06\/foto-marmita-150x150.webp 150w, https:\/\/marpelembalagens.com.br\/wp-content\/uploads\/2025\/06\/foto-marmita-768x768.webp 768w, https:\/\/marpelembalagens.com.br\/wp-content\/uploads\/2025\/06\/foto-marmita.webp 1000w\" sizes=\"(max-width: 300px) 100vw, 300px\" \/><h2 class=\"woocommerce-loop-product__title\">Marmita P, M e G<\/h2>\n<\/a><\/li>\n<li class=\"product type-product post-136 status-publish instock product_cat-sem-categoria has-post-thumbnail shipping-taxable product-type-simple\">\n\t<a href=\"https:\/\/marpelembalagens.com.br\/index.php\/produto\/bobina-plast-bolha-120x100m-forte\/\" class=\"woocommerce-LoopProduct-link woocommerce-loop-product__link\"><img loading=\"lazy\" decoding=\"async\" width=\"300\" height=\"300\" src=\"https:\/\/marpelembalagens.com.br\/wp-content\/uploads\/2025\/06\/foto-bolha-300x300.webp\" class=\"attachment-woocommerce_thumbnail size-woocommerce_thumbnail\" alt=\"BOBINA PLAST BOLHA 1,20X100M FORTE\" srcset=\"https:\/\/marpelembalagens.com.br\/wp-content\/uploads\/2025\/06\/foto-bolha-300x300.webp 300w, https:\/\/marpelembalagens.com.br\/wp-content\/uploads\/2025\/06\/foto-bolha-100x100.webp 100w, https:\/\/marpelembalagens.com.br\/wp-content\/uploads\/2025\/06\/foto-bolha-600x600.webp 600w, https:\/\/marpelembalagens.com.br\/wp-content\/uploads\/2025\/06\/foto-bolha-150x150.webp 150w, https:\/\/marpelembalagens.com.br\/wp-content\/uploads\/2025\/06\/foto-bolha-768x768.webp 768w, https:\/\/marpelembalagens.com.br\/wp-content\/uploads\/2025\/06\/foto-bolha.webp 1024w\" sizes=\"(max-width: 300px) 100vw, 300px\" \/><h2 class=\"woocommerce-loop-product__title\">BOBINA PLAST BOLHA 1,20X100M FORTE<\/h2>\n<\/a><\/li>\n<li class=\"product type-product post-132 status-publish instock product_cat-sem-categoria has-post-thumbnail shipping-taxable product-type-simple\">\n\t<a href=\"https:\/\/marpelembalagens.com.br\/index.php\/produto\/copo-totalplast-ps\/\" class=\"woocommerce-LoopProduct-link woocommerce-loop-product__link\"><img loading=\"lazy\" decoding=\"async\" width=\"300\" height=\"300\" src=\"https:\/\/marpelembalagens.com.br\/wp-content\/uploads\/2025\/06\/Copo-total-300x300.jpeg\" class=\"attachment-woocommerce_thumbnail size-woocommerce_thumbnail\" alt=\"Copo TotalPlast PS\" srcset=\"https:\/\/marpelembalagens.com.br\/wp-content\/uploads\/2025\/06\/Copo-total-300x300.jpeg 300w, https:\/\/marpelembalagens.com.br\/wp-content\/uploads\/2025\/06\/Copo-total-100x100.jpeg 100w, https:\/\/marpelembalagens.com.br\/wp-content\/uploads\/2025\/06\/Copo-total-600x600.jpeg 600w, https:\/\/marpelembalagens.com.br\/wp-content\/uploads\/2025\/06\/Copo-total-1024x1024.jpeg 1024w, https:\/\/marpelembalagens.com.br\/wp-content\/uploads\/2025\/06\/Copo-total-150x150.jpeg 150w, https:\/\/marpelembalagens.com.br\/wp-content\/uploads\/2025\/06\/Copo-total-768x768.jpeg 768w, https:\/\/marpelembalagens.com.br\/wp-content\/uploads\/2025\/06\/Copo-total.jpeg 1160w\" sizes=\"(max-width: 300px) 100vw, 300px\" \/><h2 class=\"woocommerce-loop-product__title\">Copo TotalPlast PS<\/h2>\n<\/a><\/li>\n<li class=\"product type-product post-94 status-publish last instock product_cat-sem-categoria has-post-thumbnail shipping-taxable product-type-simple\">\n\t<a href=\"https:\/\/marpelembalagens.com.br\/index.php\/produto\/bobina-picotada-goodrool\/\" class=\"woocommerce-LoopProduct-link woocommerce-loop-product__link\"><img loading=\"lazy\" decoding=\"async\" width=\"300\" height=\"300\" src=\"https:\/\/marpelembalagens.com.br\/wp-content\/uploads\/2025\/06\/bob-pic-300x300.jpeg\" class=\"attachment-woocommerce_thumbnail size-woocommerce_thumbnail\" alt=\"Bobina Picotada GoodRool\" srcset=\"https:\/\/marpelembalagens.com.br\/wp-content\/uploads\/2025\/06\/bob-pic-300x300.jpeg 300w, https:\/\/marpelembalagens.com.br\/wp-content\/uploads\/2025\/06\/bob-pic-100x100.jpeg 100w, https:\/\/marpelembalagens.com.br\/wp-content\/uploads\/2025\/06\/bob-pic-150x150.jpeg 150w\" sizes=\"(max-width: 300px) 100vw, 300px\" \/><h2 class=\"woocommerce-loop-product__title\">Bobina Picotada GoodRool<\/h2>\n<\/a><\/li>\n<\/ul>\n<\/div>\t\t\t\t<\/div>\n\t\t\t\t<\/div>\n\t\t\t\t<\/div>\n\t\t\t\t\t<\/div>\n\t\t\t\t<\/div>\n\t\t\t\t<\/div>\n\t\t\t\t<\/div>\n\t\t","protected":false},"excerpt":{"rendered":"<p>Seja Bem-vindo(a)! \u00c9 um prazer ter voc\u00ea aqui \u2014 estamos prontos para oferecer o melhor atendimento e solu\u00e7\u00f5es pensadas especialmente para voc\u00ea. SOBRE N\u00d3S H\u00e1 26 anos no mercado com a miss\u00e3o de priorizar voc\u00ea parceiro oferecendo facilidade e praticidade com uma variedade de 1.600 itens de embalagens descart\u00e1veis e produtos de limpeza e higiene [&hellip;]<\/p>\n","protected":false},"author":1,"featured_media":0,"parent":0,"menu_order":0,"comment_status":"closed","ping_status":"open","template":"elementor_header_footer","meta":{"footnotes":""},"class_list":["post-2","page","type-page","status-publish","hentry"],"_links":{"self":[{"href":"https:\/\/marpelembalagens.com.br\/index.php\/wp-json\/wp\/v2\/pages\/2","targetHints":{"allow":["GET"]}}],"collection":[{"href":"https:\/\/marpelembalagens.com.br\/index.php\/wp-json\/wp\/v2\/pages"}],"about":[{"href":"https:\/\/marpelembalagens.com.br\/index.php\/wp-json\/wp\/v2\/types\/page"}],"author":[{"embeddable":true,"href":"https:\/\/marpelembalagens.com.br\/index.php\/wp-json\/wp\/v2\/users\/1"}],"replies":[{"embeddable":true,"href":"https:\/\/marpelembalagens.com.br\/index.php\/wp-json\/wp\/v2\/comments?post=2"}],"version-history":[{"count":31,"href":"https:\/\/marpelembalagens.com.br\/index.php\/wp-json\/wp\/v2\/pages\/2\/revisions"}],"predecessor-version":[{"id":151,"href":"https:\/\/marpelembalagens.com.br\/index.php\/wp-json\/wp\/v2\/pages\/2\/revisions\/151"}],"wp:attachment":[{"href":"https:\/\/marpelembalagens.com.br\/index.php\/wp-json\/wp\/v2\/media?parent=2"}],"curies":[{"name":"wp","href":"https:\/\/api.w.org\/{rel}","templated":true}]}}